{"id":27,"date":"2019-03-11T17:18:27","date_gmt":"2019-03-11T16:18:27","guid":{"rendered":"https:\/\/dcgroup.il.pw.edu.pl\/?page_id=27"},"modified":"2019-07-10T09:47:49","modified_gmt":"2019-07-10T07:47:49","slug":"wydarzenia","status":"publish","type":"page","link":"https:\/\/dcgroup.il.pw.edu.pl\/?page_id=27","title":{"rendered":"Wydarzenia"},"content":{"rendered":"\t\t<div data-elementor-type=\"wp-post\" data-elementor-id=\"27\" class=\"elementor elementor-27\">\n\t\t\t\t\t\t<section class=\"elementor-section elementor-top-section elementor-element elementor-element-6076a24 elementor-section-boxed elementor-section-height-default elementor-section-height-default\" data-id=\"6076a24\" data-element_type=\"section\" data-e-type=\"section\">\n\t\t\t\t\t\t<div class=\"elementor-container elementor-column-gap-default\">\n\t\t\t\t\t<div class=\"elementor-column elementor-col-50 elementor-top-column elementor-element elementor-element-0749023\" data-id=\"0749023\" data-element_type=\"column\" data-e-type=\"column\" data-settings=\"{&quot;background_background&quot;:&quot;classic&quot;}\">\n\t\t\t<div class=\"elementor-widget-wrap elementor-element-populated\">\n\t\t\t\t\t\t<div class=\"elementor-element elementor-element-7ed9148 elementor-widget elementor-widget-heading\" data-id=\"7ed9148\" data-element_type=\"widget\" data-e-type=\"widget\" data-widget_type=\"heading.default\">\n\t\t\t\t<div class=\"elementor-widget-container\">\n\t\t\t\t\t<h2 class=\"elementor-heading-title elementor-size-default\">Bie\u017c\u0105ce wydarzenia\u200b<\/h2>\t\t\t\t<\/div>\n\t\t\t\t<\/div>\n\t\t\t\t<div class=\"elementor-element elementor-element-e5819cb elementor-widget elementor-widget-text-editor\" data-id=\"e5819cb\" data-element_type=\"widget\" data-e-type=\"widget\" data-widget_type=\"text-editor.default\">\n\t\t\t\t<div class=\"elementor-widget-container\">\n\t\t\t\t\t\t\t\t\t<p>Education outside the classroom<\/p>\t\t\t\t\t\t\t\t<\/div>\n\t\t\t\t<\/div>\n\t\t\t\t\t<\/div>\n\t\t<\/div>\n\t\t\t\t<div class=\"elementor-column elementor-col-50 elementor-top-column elementor-element elementor-element-aba21f4\" data-id=\"aba21f4\" data-element_type=\"column\" data-e-type=\"column\">\n\t\t\t<div class=\"elementor-widget-wrap\">\n\t\t\t\t\t\t\t<\/div>\n\t\t<\/div>\n\t\t\t\t\t<\/div>\n\t\t<\/section>\n\t\t\t\t<section class=\"elementor-section elementor-top-section elementor-element elementor-element-570a32d elementor-section-boxed elementor-section-height-default elementor-section-height-default\" data-id=\"570a32d\" data-element_type=\"section\" data-e-type=\"section\">\n\t\t\t\t\t\t<div class=\"elementor-container elementor-column-gap-default\">\n\t\t\t\t\t<div class=\"elementor-column elementor-col-66 elementor-top-column elementor-element elementor-element-b36db02\" data-id=\"b36db02\" data-element_type=\"column\" data-e-type=\"column\" data-settings=\"{&quot;background_background&quot;:&quot;classic&quot;}\">\n\t\t\t<div class=\"elementor-widget-wrap elementor-element-populated\">\n\t\t\t\t\t\t<div class=\"elementor-element elementor-element-ebd3fa9 elementor-widget elementor-widget-text-editor\" data-id=\"ebd3fa9\" data-element_type=\"widget\" data-e-type=\"widget\" data-widget_type=\"text-editor.default\">\n\t\t\t\t<div class=\"elementor-widget-container\">\n\t\t\t\t\t\t\t\t\t<p>Laboratoryjne badania zbrojenia FRP wykonywane na Wydziale In\u017cynierii L\u0105dowej. Testujemy wp\u0142yw temperatury jak i r\u00f3wnie\u017c inne parametry przygotowanych belek i zbrojenia. Ch\u0119tnych do udzia\u0142u zapraszamy do kontaktu z cz\u0142onkami DC.<\/p>\t\t\t\t\t\t\t\t<\/div>\n\t\t\t\t<\/div>\n\t\t\t\t\t<\/div>\n\t\t<\/div>\n\t\t\t\t<div class=\"elementor-column elementor-col-33 elementor-top-column elementor-element elementor-element-27cd16b\" data-id=\"27cd16b\" data-element_type=\"column\" data-e-type=\"column\">\n\t\t\t<div class=\"elementor-widget-wrap\">\n\t\t\t\t\t\t\t<\/div>\n\t\t<\/div>\n\t\t\t\t\t<\/div>\n\t\t<\/section>\n\t\t\t\t<section class=\"elementor-section elementor-top-section elementor-element elementor-element-5fb6730 elementor-section-boxed elementor-section-height-default elementor-section-height-default\" data-id=\"5fb6730\" data-element_type=\"section\" data-e-type=\"section\">\n\t\t\t\t\t\t<div class=\"elementor-container elementor-column-gap-default\">\n\t\t\t\t\t<div class=\"elementor-column elementor-col-100 elementor-top-column elementor-element elementor-element-787797e\" data-id=\"787797e\" data-element_type=\"column\" data-e-type=\"column\">\n\t\t\t<div class=\"elementor-widget-wrap elementor-element-populated\">\n\t\t\t\t\t\t<div class=\"elementor-element elementor-element-9aca5f1 elementor-widget elementor-widget-image-gallery\" data-id=\"9aca5f1\" data-element_type=\"widget\" data-e-type=\"widget\" data-widget_type=\"image-gallery.default\">\n\t\t\t\t<div class=\"elementor-widget-container\">\n\t\t\t\t\t\t\t<div class=\"elementor-image-gallery\">\n\t\t\t<div id='gallery-1' class='gallery galleryid-27 gallery-columns-3 gallery-size-medium'><figure class='gallery-item'>\n\t\t\t<div class='gallery-icon landscape'>\n\t\t\t\t<a data-elementor-open-lightbox=\"yes\" data-elementor-lightbox-slideshow=\"9aca5f1\" data-elementor-lightbox-title=\"IMG_3109\" data-e-action-hash=\"#elementor-action%3Aaction%3Dlightbox%26settings%3DeyJpZCI6MzE3LCJ1cmwiOiJodHRwczpcL1wvZGNncm91cC5pbC5wdy5lZHUucGxcL3dwLWNvbnRlbnRcL3VwbG9hZHNcLzIwMTlcLzAzXC9JTUdfMzEwOS5qcGciLCJzbGlkZXNob3ciOiI5YWNhNWYxIn0%3D\" href='https:\/\/dcgroup.il.pw.edu.pl\/wp-content\/uploads\/2019\/03\/IMG_3109.jpg'><img fetchpriority=\"high\" decoding=\"async\" width=\"300\" height=\"225\" src=\"https:\/\/dcgroup.il.pw.edu.pl\/wp-content\/uploads\/2019\/03\/IMG_3109-300x225.jpg\" class=\"attachment-medium size-medium\" alt=\"\" srcset=\"https:\/\/dcgroup.il.pw.edu.pl\/wp-content\/uploads\/2019\/03\/IMG_3109-300x225.jpg 300w, https:\/\/dcgroup.il.pw.edu.pl\/wp-content\/uploads\/2019\/03\/IMG_3109-768x576.jpg 768w, https:\/\/dcgroup.il.pw.edu.pl\/wp-content\/uploads\/2019\/03\/IMG_3109-1024x768.jpg 1024w\" sizes=\"(max-width: 300px) 100vw, 300px\" \/><\/a>\n\t\t\t<\/div><\/figure><figure class='gallery-item'>\n\t\t\t<div class='gallery-icon portrait'>\n\t\t\t\t<a data-elementor-open-lightbox=\"yes\" data-elementor-lightbox-slideshow=\"9aca5f1\" data-elementor-lightbox-title=\"IMG_3105\" data-e-action-hash=\"#elementor-action%3Aaction%3Dlightbox%26settings%3DeyJpZCI6MzE1LCJ1cmwiOiJodHRwczpcL1wvZGNncm91cC5pbC5wdy5lZHUucGxcL3dwLWNvbnRlbnRcL3VwbG9hZHNcLzIwMTlcLzAzXC9JTUdfMzEwNS1lMTU1MjU2OTUyNTg4My5qcGciLCJzbGlkZXNob3ciOiI5YWNhNWYxIn0%3D\" href='https:\/\/dcgroup.il.pw.edu.pl\/wp-content\/uploads\/2019\/03\/IMG_3105-e1552569525883.jpg'><img decoding=\"async\" width=\"225\" height=\"300\" src=\"https:\/\/dcgroup.il.pw.edu.pl\/wp-content\/uploads\/2019\/03\/IMG_3105-e1552569525883-225x300.jpg\" class=\"attachment-medium size-medium\" alt=\"\" srcset=\"https:\/\/dcgroup.il.pw.edu.pl\/wp-content\/uploads\/2019\/03\/IMG_3105-e1552569525883-225x300.jpg 225w, https:\/\/dcgroup.il.pw.edu.pl\/wp-content\/uploads\/2019\/03\/IMG_3105-e1552569525883-768x1024.jpg 768w\" sizes=\"(max-width: 225px) 100vw, 225px\" \/><\/a>\n\t\t\t<\/div><\/figure><figure class='gallery-item'>\n\t\t\t<div class='gallery-icon landscape'>\n\t\t\t\t<a data-elementor-open-lightbox=\"yes\" data-elementor-lightbox-slideshow=\"9aca5f1\" data-elementor-lightbox-title=\"IMG_3108\" data-e-action-hash=\"#elementor-action%3Aaction%3Dlightbox%26settings%3DeyJpZCI6MzE2LCJ1cmwiOiJodHRwczpcL1wvZGNncm91cC5pbC5wdy5lZHUucGxcL3dwLWNvbnRlbnRcL3VwbG9hZHNcLzIwMTlcLzAzXC9JTUdfMzEwOC5qcGciLCJzbGlkZXNob3ciOiI5YWNhNWYxIn0%3D\" href='https:\/\/dcgroup.il.pw.edu.pl\/wp-content\/uploads\/2019\/03\/IMG_3108.jpg'><img decoding=\"async\" width=\"300\" height=\"225\" src=\"https:\/\/dcgroup.il.pw.edu.pl\/wp-content\/uploads\/2019\/03\/IMG_3108-300x225.jpg\" class=\"attachment-medium size-medium\" alt=\"\" srcset=\"https:\/\/dcgroup.il.pw.edu.pl\/wp-content\/uploads\/2019\/03\/IMG_3108-300x225.jpg 300w, https:\/\/dcgroup.il.pw.edu.pl\/wp-content\/uploads\/2019\/03\/IMG_3108-768x576.jpg 768w, https:\/\/dcgroup.il.pw.edu.pl\/wp-content\/uploads\/2019\/03\/IMG_3108-1024x768.jpg 1024w\" sizes=\"(max-width: 300px) 100vw, 300px\" \/><\/a>\n\t\t\t<\/div><\/figure>\n\t\t<\/div>\n\t\t<\/div>\n\t\t\t\t\t\t<\/div>\n\t\t\t\t<\/div>\n\t\t\t\t\t<\/div>\n\t\t<\/div>\n\t\t\t\t\t<\/div>\n\t\t<\/section>\n\t\t\t\t<section class=\"elementor-section elementor-top-section elementor-element elementor-element-75a06a3 elementor-section-boxed elementor-section-height-default elementor-section-height-default\" data-id=\"75a06a3\" data-element_type=\"section\" data-e-type=\"section\">\n\t\t\t\t\t\t<div class=\"elementor-container elementor-column-gap-default\">\n\t\t\t\t\t<div class=\"elementor-column elementor-col-50 elementor-top-column elementor-element elementor-element-244bdd5\" data-id=\"244bdd5\" data-element_type=\"column\" data-e-type=\"column\">\n\t\t\t<div class=\"elementor-widget-wrap\">\n\t\t\t\t\t\t\t<\/div>\n\t\t<\/div>\n\t\t\t\t<div class=\"elementor-column elementor-col-50 elementor-top-column elementor-element elementor-element-58f4b16\" data-id=\"58f4b16\" data-element_type=\"column\" data-e-type=\"column\" data-settings=\"{&quot;background_background&quot;:&quot;classic&quot;}\">\n\t\t\t<div class=\"elementor-widget-wrap elementor-element-populated\">\n\t\t\t\t\t\t<div class=\"elementor-element elementor-element-c1182ff elementor-widget elementor-widget-heading\" data-id=\"c1182ff\" data-element_type=\"widget\" data-e-type=\"widget\" data-widget_type=\"heading.default\">\n\t\t\t\t<div class=\"elementor-widget-container\">\n\t\t\t\t\t<h2 class=\"elementor-heading-title elementor-size-default\">Minione wydarzenia\u200b<\/h2>\t\t\t\t<\/div>\n\t\t\t\t<\/div>\n\t\t\t\t<div class=\"elementor-element elementor-element-98d18c5 elementor-widget elementor-widget-text-editor\" data-id=\"98d18c5\" data-element_type=\"widget\" data-e-type=\"widget\" data-widget_type=\"text-editor.default\">\n\t\t\t\t<div class=\"elementor-widget-container\">\n\t\t\t\t\t\t\t\t\t<p>Education outside the classroom<\/p>\t\t\t\t\t\t\t\t<\/div>\n\t\t\t\t<\/div>\n\t\t\t\t\t<\/div>\n\t\t<\/div>\n\t\t\t\t\t<\/div>\n\t\t<\/section>\n\t\t\t\t<section class=\"elementor-section elementor-top-section elementor-element elementor-element-b81b95d elementor-section-boxed elementor-section-height-default elementor-section-height-default\" data-id=\"b81b95d\" data-element_type=\"section\" data-e-type=\"section\">\n\t\t\t\t\t\t<div class=\"elementor-container elementor-column-gap-default\">\n\t\t\t\t\t<div class=\"elementor-column elementor-col-66 elementor-top-column elementor-element elementor-element-aa8af5f\" data-id=\"aa8af5f\" data-element_type=\"column\" data-e-type=\"column\" data-settings=\"{&quot;background_background&quot;:&quot;classic&quot;}\">\n\t\t\t<div class=\"elementor-widget-wrap elementor-element-populated\">\n\t\t\t\t\t\t<div class=\"elementor-element elementor-element-fe4af16 elementor-widget elementor-widget-text-editor\" data-id=\"fe4af16\" data-element_type=\"widget\" data-e-type=\"widget\" data-widget_type=\"text-editor.default\">\n\t\t\t\t<div class=\"elementor-widget-container\">\n\t\t\t\t\t\t\t\t\t<p><strong>Do tej pory zorganizowali\u015bmy, m. in:<\/strong><br \/>&#8211; wyk\u0142ad z prof. Adamem Proniem pt. \u201eWriting scientific papers, grant proposals\u201d;<br \/>&#8211; warsztaty przeprowadzone przez dr in\u017c. Piotra Knyziaka, pt. \u201eFoundations of Robot Structural\u00a0Analysis\u201d;<br \/>&#8211; warsztaty przeprowadzone przez naszego opiekuna mgr in\u017c. Konstantyna Protchenko<br \/>\u201eWarsztaty z technologii BIM: Allplan \u2013 szkolenie podstawowe\u201d;<br \/>&#8211; szkolenie \u201eAllplan Coach Summit\u201d w Monachium, Niemcy;<br \/>&#8211; realizacj\u0119 modelu przeszk\u00f3d dla OCRA Poland we wsp\u00f3\u0142pracy z firm\u0105 V3rna Teamex;<br \/>&#8211; wizyt\u0119 na budowie DH Sezam w Warszawie;<br \/>&#8211; warsztaty z projektowania w BIM i wizualizacj\u0119 projektu w ramach Wawa Design Festiwal;<br \/>&#8211; badania laboratoryjne nad zbrojonym betonem.<\/p>\t\t\t\t\t\t\t\t<\/div>\n\t\t\t\t<\/div>\n\t\t\t\t\t<\/div>\n\t\t<\/div>\n\t\t\t\t<div class=\"elementor-column elementor-col-33 elementor-top-column elementor-element elementor-element-512b9ee\" data-id=\"512b9ee\" data-element_type=\"column\" data-e-type=\"column\">\n\t\t\t<div class=\"elementor-widget-wrap elementor-element-populated\">\n\t\t\t\t\t\t<div class=\"elementor-element elementor-element-e602ec3 elementor-absolute elementor-widget elementor-widget-image\" data-id=\"e602ec3\" data-element_type=\"widget\" data-e-type=\"widget\" data-settings=\"{&quot;_position&quot;:&quot;absolute&quot;}\" data-widget_type=\"image.default\">\n\t\t\t\t<div class=\"elementor-widget-container\">\n\t\t\t\t\t\t\t\t\t\t\t\t\t\t\t<img loading=\"lazy\" decoding=\"async\" width=\"2992\" height=\"4000\" src=\"https:\/\/dcgroup.il.pw.edu.pl\/wp-content\/uploads\/2019\/03\/48270677_2175222009165508_8619620126049697792_n.jpg\" class=\"attachment-full size-full wp-image-184\" alt=\"\" srcset=\"https:\/\/dcgroup.il.pw.edu.pl\/wp-content\/uploads\/2019\/03\/48270677_2175222009165508_8619620126049697792_n.jpg 2992w, https:\/\/dcgroup.il.pw.edu.pl\/wp-content\/uploads\/2019\/03\/48270677_2175222009165508_8619620126049697792_n-224x300.jpg 224w, https:\/\/dcgroup.il.pw.edu.pl\/wp-content\/uploads\/2019\/03\/48270677_2175222009165508_8619620126049697792_n-768x1027.jpg 768w, https:\/\/dcgroup.il.pw.edu.pl\/wp-content\/uploads\/2019\/03\/48270677_2175222009165508_8619620126049697792_n-766x1024.jpg 766w\" sizes=\"(max-width: 2992px) 100vw, 2992px\" \/>\t\t\t\t\t\t\t\t\t\t\t\t\t\t\t<\/div>\n\t\t\t\t<\/div>\n\t\t\t\t\t<\/div>\n\t\t<\/div>\n\t\t\t\t\t<\/div>\n\t\t<\/section>\n\t\t\t\t<\/div>\n\t\t","protected":false},"excerpt":{"rendered":"<p>Bie\u017c\u0105ce wydarzenia\u200b Education outside the classroom Laboratoryjne badania zbrojenia FRP wykonywane na Wydziale In\u017cynierii L\u0105dowej. Testujemy wp\u0142yw temperatury jak i r\u00f3wnie\u017c inne parametry przygotowanych belek i zbrojenia. Ch\u0119tnych do udzia\u0142u zapraszamy do kontaktu z cz\u0142onkami DC. Minione wydarzenia\u200b Education outside the classroom Do tej pory zorganizowali\u015bmy, m. in:&#8211; wyk\u0142ad z prof. Adamem Proniem pt. \u201eWriting [&hellip;]<\/p>\n","protected":false},"author":1,"featured_media":0,"parent":0,"menu_order":0,"comment_status":"closed","ping_status":"closed","template":"","meta":{"ocean_post_layout":"","ocean_both_sidebars_style":"","ocean_both_sidebars_content_width":0,"ocean_both_sidebars_sidebars_width":0,"ocean_sidebar":"","ocean_second_sidebar":"","ocean_disable_margins":"enable","ocean_add_body_class":"","ocean_shortcode_before_top_bar":"","ocean_shortcode_after_top_bar":"","ocean_shortcode_before_header":"","ocean_shortcode_after_header":"","ocean_has_shortcode":"","ocean_shortcode_after_title":"","ocean_shortcode_before_footer_widgets":"","ocean_shortcode_after_footer_widgets":"","ocean_shortcode_before_footer_bottom":"","ocean_shortcode_after_footer_bottom":"","ocean_display_top_bar":"default","ocean_display_header":"default","ocean_header_style":"","ocean_center_header_left_menu":"","ocean_custom_header_template":"","ocean_custom_logo":0,"ocean_custom_retina_logo":0,"ocean_custom_logo_max_width":0,"ocean_custom_logo_tablet_max_width":0,"ocean_custom_logo_mobile_max_width":0,"ocean_custom_logo_max_height":0,"ocean_custom_logo_tablet_max_height":0,"ocean_custom_logo_mobile_max_height":0,"ocean_header_custom_menu":"","ocean_menu_typo_font_family":"","ocean_menu_typo_font_subset":"","ocean_menu_typo_font_size":0,"ocean_menu_typo_font_size_tablet":0,"ocean_menu_typo_font_size_mobile":0,"ocean_menu_typo_font_size_unit":"px","ocean_menu_typo_font_weight":"","ocean_menu_typo_font_weight_tablet":"","ocean_menu_typo_font_weight_mobile":"","ocean_menu_typo_transform":"","ocean_menu_typo_transform_tablet":"","ocean_menu_typo_transform_mobile":"","ocean_menu_typo_line_height":0,"ocean_menu_typo_line_height_tablet":0,"ocean_menu_typo_line_height_mobile":0,"ocean_menu_typo_line_height_unit":"","ocean_menu_typo_spacing":0,"ocean_menu_typo_spacing_tablet":0,"ocean_menu_typo_spacing_mobile":0,"ocean_menu_typo_spacing_unit":"","ocean_menu_link_color":"","ocean_menu_link_color_hover":"","ocean_menu_link_color_active":"","ocean_menu_link_background":"","ocean_menu_link_hover_background":"","ocean_menu_link_active_background":"","ocean_menu_social_links_bg":"","ocean_menu_social_hover_links_bg":"","ocean_menu_social_links_color":"","ocean_menu_social_hover_links_color":"","ocean_disable_title":"default","ocean_disable_heading":"default","ocean_post_title":"","ocean_post_subheading":"","ocean_post_title_style":"","ocean_post_title_background_color":"","ocean_post_title_background":0,"ocean_post_title_bg_image_position":"","ocean_post_title_bg_image_attachment":"","ocean_post_title_bg_image_repeat":"","ocean_post_title_bg_image_size":"","ocean_post_title_height":0,"ocean_post_title_bg_overlay":0.5,"ocean_post_title_bg_overlay_color":"","ocean_disable_breadcrumbs":"default","ocean_breadcrumbs_color":"","ocean_breadcrumbs_separator_color":"","ocean_breadcrumbs_links_color":"","ocean_breadcrumbs_links_hover_color":"","ocean_display_footer_widgets":"default","ocean_display_footer_bottom":"default","ocean_custom_footer_template":"","footnotes":""},"class_list":["post-27","page","type-page","status-publish","hentry","entry"],"_links":{"self":[{"href":"https:\/\/dcgroup.il.pw.edu.pl\/index.php?rest_route=\/wp\/v2\/pages\/27","targetHints":{"allow":["GET"]}}],"collection":[{"href":"https:\/\/dcgroup.il.pw.edu.pl\/index.php?rest_route=\/wp\/v2\/pages"}],"about":[{"href":"https:\/\/dcgroup.il.pw.edu.pl\/index.php?rest_route=\/wp\/v2\/types\/page"}],"author":[{"embeddable":true,"href":"https:\/\/dcgroup.il.pw.edu.pl\/index.php?rest_route=\/wp\/v2\/users\/1"}],"replies":[{"embeddable":true,"href":"https:\/\/dcgroup.il.pw.edu.pl\/index.php?rest_route=%2Fwp%2Fv2%2Fcomments&post=27"}],"version-history":[{"count":17,"href":"https:\/\/dcgroup.il.pw.edu.pl\/index.php?rest_route=\/wp\/v2\/pages\/27\/revisions"}],"predecessor-version":[{"id":590,"href":"https:\/\/dcgroup.il.pw.edu.pl\/index.php?rest_route=\/wp\/v2\/pages\/27\/revisions\/590"}],"wp:attachment":[{"href":"https:\/\/dcgroup.il.pw.edu.pl\/index.php?rest_route=%2Fwp%2Fv2%2Fmedia&parent=27"}],"curies":[{"name":"wp","href":"https:\/\/api.w.org\/{rel}","templated":true}]}}